{"id":2201,"date":"2020-02-26T09:30:33","date_gmt":"2020-02-26T09:30:33","guid":{"rendered":"http:\/\/158.129.0.21\/wordpress\/?page_id=2201"},"modified":"2023-10-06T08:32:48","modified_gmt":"2023-10-06T08:32:48","slug":"apie","status":"publish","type":"page","link":"https:\/\/data.ktu.edu\/EN\/apie\/","title":{"rendered":"Apie"},"content":{"rendered":"<div class=\"tabs-container vertical-tabs clearfix\"><div class=\"column threecol tabs\"><ul><li><h5 class=\"nomargin\"><a href=\"#apie-ktu-data-centra\">Apie KTU DAtA centr\u0105<\/a><\/h5><\/li><li><h5 class=\"nomargin\"><a href=\"#paslaugos\">Paslaugos<\/a><\/h5><\/li><li><h5 class=\"nomargin\"><a href=\"#tyrimai\">Tyrimai<\/a><\/h5><\/li><\/ul><\/div><div class=\"panes column ninecol last\"><div class=\"pane\" id=\"apie-ktu-data-centra-tab\"><div class=\"sevencol column\">\n<h1>Pagrindin\u0117s veiklos<\/h1>\n<p><strong>Duomen\u0173 archyvavimas, valdymas ir kuravimas.<\/strong> Taikydamas tarptautinius standartus DAtA Centras archyvuoja socialini\u0173 ir humanitarini\u0173 moksl\u0173 kiekybinius ir kokybinius duomenis. Archyvavimui naudojamas Lietuvos humanitarini\u0173 ir socialini\u0173 moksl\u0173 duomen\u0173 archyvas (LiDA). Taip pat dirbama su kitais Europos socialini\u0173 tyrim\u0173 duomen\u0173 archyvais vykdant veiklas kartu su Europos socialini\u0173 moksl\u0173 duomen\u0173 archyv\u0173 konsorciumo (angl. <em>Consortium of European Social Science Data Archives<\/em>, CESSDA-ERIC) partneriais.<br \/>\n<em>Projektai<\/em>: CESSDA-VOICE.<\/p>\n<p><strong>Apklaus\u0173 laboratorija<\/strong>. Koordinuojant Europos socialinio tyrimo (angl. <em>European Social Survey<\/em>, ESS-ERIC) bei Tarptautin\u0119 socialinio tyrimo program\u0105 (angl. <em>Inernational Social Survey Programme,<\/em> ISSP) vykdoma duomen\u0173 gavyba, o j\u0173 \u0161i\u0173 duomen\u0173 pagrindu yra atliekami tyrimai bei mokymai. Apklaus\u0173 laboratorija \u012fsik\u016brusi KTU SHMMF 210 aud. ir yra apr\u016bpinta naujausia \u012franga reikalinga apklaus\u0173 duomen\u0173 analizei (Stata, Maxqda ir kt.).<\/p>\n<p><strong>Mokslini\u0173 tyrim\u0173 infrastrukt\u016bros.<\/strong> Kartu su Vytauto Did\u017eiojo universitetu \u012fgyvendina Europos socialin\u012f tyrim\u0105 (angl. European Social Survey, ESS-ERIC), Tarptautin\u0119 socialinio tyrimo program\u0105 (angl. Inernational Social Survey Programme, ISSP)<\/p>\n<p><strong>Social Media Lab<\/strong>. Laboratorijos veiklos sritis &#8211; komunikacijos ir elgsenos socialin\u0117se medijose analiz\u0117. Siekiama pl\u0117toti ir skatinti naujausi\u0173 technologij\u0173 pasiekimais paremtus mokslinius tyrimus, o sukurtus inovatyvius sprendimus bei \u017einias &#8211; integruoti \u012f KTU Socialini\u0173, humanitarini\u0173 moksl\u0173 ir men\u0173 fakulteto studij\u0173 programas. Laboratorija inicijuoja tarpkryp\u010dius projektus, bendradarbiauja su kitais KTU fakultetais, Lietuvos bei u\u017esienio universitetais, valstybin\u0117mis institucijomis, privataus ir vie\u0161ojo sektoriaus organizacijomis bei vietos bendruomen\u0117mis.<\/p>\n<p><strong>Metod\u0173 mokykla<\/strong>. Centras vykdo tarptautinius ir nacionalinius mokymus bei patirties dalinimosi dirbtuves tyr\u0117jams, duomen\u0173 naudotojams bei doktorantams. Kuria ir u\u017etikrina atvir\u0105 prieig\u0105 prie prie mokym\u0173 ir mokymosi med\u017eiagos.<\/p>\n<p><strong>Konsultacijos<\/strong>. Centro darbuotojai konsultuoja socialini\u0173 ir humanitarini\u0173 moksl\u0173 tyr\u0117jus bei doktorantus duomen\u0173 analiz\u0117s, valdymo, parengimo archyvavimui, duomen\u0173 radimo ir kitais klausimais.<\/p>\n<\/div><div class=\"fivecol column last\">\n<h1>Apie DAtA centr\u0105<\/h1>\n<p><strong>KTU DAtA centras<\/strong>, tai atvira mokslinink\u0173 bei praktik\u0173 bendruomen\u0117, siekianti \u012fveiklinti socialini\u0173 ir humanitarini\u0173 moksl\u0173 duomenis XXI a. i\u0161\u0161\u016bki\u0173 sprendimams.<\/p>\n<p><strong>KTU DAtA centro misija<\/strong> \u2013 \u012fgalinti ir \u012ftraukti tyr\u0117jus \u012f \u201eduomen\u0173 kult\u016bros\u201c puosel\u0117jim\u0105, teikiant konsultacijas, mokymus bei duomen\u0173 analiz\u0117s, archyvavimo, valdymo bei kuravimo paslaugas.<\/p>\n<\/div><div class=\"clear\"><\/div><\/div><div class=\"pane\" id=\"paslaugos-tab\"><div class=\"sevencol column\">\n<h1>Paslaugos<\/h1>\n<p>Pagrindin\u0117s DAtA centro teikiamos paslaugos:<\/p>\n<ul>\n<li>Duomen\u0173 archyvavimas ir kuravimas<\/li>\n<li>Metodologiniai ir duomen\u0173 valdymo mokymai<\/li>\n<li>Duomen\u0173 valdymo plano rengimo konsultavimas<\/li>\n<li>Duomen\u0173 analiz\u0117s konsultacijos<\/li>\n<li>Duomen\u0173 analiz\u0117s ir ap\u017evalg\u0173 rengimas<\/li>\n<li>Tyrim\u0173 mentoriavimas<\/li>\n<\/ul>\n<p>DAtA centras <strong>organizuoja u\u017esakomuosius metodologinius mokymus organizacijoms ar besimokan\u010di\u0173j\u0173 grup\u0117ms<\/strong>. \u0160ie mokymai vykdomi pagal patvirtintas neformalaus ugdymo <strong>programas<\/strong> arba individualius u\u017esakymus, pagal bendr\u0105 mokym\u0173 \u012fkain\u012f: 500 Eur u\u017e 4 akad. val. Tiksli kaina priklauso nuo u\u017esakom\u0173 mokym\u0173 trukm\u0117s.<\/p>\n<p>Organizuojam\u0173 mokym\u0173 temos, apra\u0161ai ir \u012fkainiai skelbiami mokym\u0173 <strong>\u0161iuose apra\u0161uose<\/strong>.<\/p>\n<\/div><div class=\"fivecol column last\">\n<h1>LiDA Misija<\/h1>\n<p>Sukurti optimali\u0105 infrastrukt\u016br\u0105 Lietuvos ir tarptautiniams socialiniams ir humanitariniams tyrimams ir tyr\u0117jams per:<\/p>\n<ul class=\"checked bordered\">\n<li>Kokybi\u0161k\u0105 prieig\u0105 prie Lietuvos ir u\u017esienio empirini\u0173 duomen\u0173 i\u0161tekli\u0173<\/li>\n<li>Duomen\u0173, metaduomen\u0173 ir priemoni\u0173 antrinei duomen\u0173 analizei vystym\u0105<\/li>\n<li>Archyv\u0173 ir socialini\u0173 tyr\u0117j\u0173 tinkl\u0173, kit\u0173 infrastrukt\u016br\u0173 stiprinim\u0105<\/li>\n<li>Mokom\u0173j\u0173 tyrim\u0173 metodologijos program\u0173 doktorantams ir mokslininkams, taip pat studentams rengim\u0105<\/li>\n<li>Metodologini\u0173 ir empirini\u0173 studij\u0173 publikavim\u0105 knygose ir \u017eurnaluose<\/li>\n<li>Metodologini\u0173 ir pavyzdini\u0173 temini\u0173 socialini\u0173 tyrim\u0173 vykdym\u0105<\/li>\n<\/ul>\n<\/div><div class=\"clear\"><\/div><\/div><div class=\"pane\" id=\"tyrimai-tab\"><div class=\"sevencol column\">\n<h1>Tyrimai<\/h1>\n<p>\u201eEuropos socialinis tyrimas (ESS LT)\u201c finansuojamas pagal 2014-2020 met\u0173 Europos S\u0105jungos fond\u0173 investicij\u0173 veiksm\u0173 programos 1 prioriteto \u201eMokslini\u0173 tyrim\u0173, eksperimentin\u0117s pl\u0117tros ir inovacij\u0173 skatinimas\u201c 01.1.1-CPVA-V-701 \u012fgyvendinimo priemon\u0119 \u201eMokslini\u0173 tyrim\u0173, eksperimentin\u0117s pl\u0117tros ir inovacij\u0173 infrastrukt\u016bros pl\u0117tra ir integracija \u012f Europines infrastrukt\u016bras\u201c. Projekto sutarties Nr. 01.1.1-CPVA-V-701-04-0002.<\/p>\n<p>Europos socialini\u0173 moksl\u0173 duomen\u0173 archyv\u0173 konsorciumo (CESSDA-ERIC) projektas <em>Vocabulary Service Multilingual Content Management, Phase 1<\/em> (CESSDA VOICE).<\/p>\n<\/div><div class=\"fivecol column last\">\n<h1>Apie DAtA centr\u0105<\/h1>\n<p><strong>KTU DAtA centras<\/strong>, tai atvira mokslinink\u0173 bei praktik\u0173 bendruomen\u0117, siekianti \u012fveiklinti socialini\u0173 ir humanitarini\u0173 moksl\u0173 duomenis XXI a. i\u0161\u0161\u016bki\u0173 sprendimams.<\/p>\n<p><strong>KTU DAtA centro misija<\/strong> \u2013 \u012fgalinti ir \u012ftraukti tyr\u0117jus \u012f \u201eduomen\u0173 kult\u016bros\u201c puosel\u0117jim\u0105, teikiant konsultacijas, mokymus bei duomen\u0173 analiz\u0117s, archyvavimo, valdymo bei kuravimo paslaugas.<\/p>\n<\/div><div class=\"clear\"><\/div><\/div><div class=\"sevencol column\"><\/div>\n<\/div><\/div>\n<div class=\"threecol column\"><\/div>\n","protected":false},"excerpt":{"rendered":"","protected":false},"author":1,"featured_media":0,"parent":0,"menu_order":0,"comment_status":"closed","ping_status":"closed","template":"","meta":[],"_links":{"self":[{"href":"https:\/\/data.ktu.edu\/EN\/wp-json\/wp\/v2\/pages\/2201"}],"collection":[{"href":"https:\/\/data.ktu.edu\/EN\/wp-json\/wp\/v2\/pages"}],"about":[{"href":"https:\/\/data.ktu.edu\/EN\/wp-json\/wp\/v2\/types\/page"}],"author":[{"embeddable":true,"href":"https:\/\/data.ktu.edu\/EN\/wp-json\/wp\/v2\/users\/1"}],"replies":[{"embeddable":true,"href":"https:\/\/data.ktu.edu\/EN\/wp-json\/wp\/v2\/comments?post=2201"}],"version-history":[{"count":31,"href":"https:\/\/data.ktu.edu\/EN\/wp-json\/wp\/v2\/pages\/2201\/revisions"}],"predecessor-version":[{"id":4158,"href":"https:\/\/data.ktu.edu\/EN\/wp-json\/wp\/v2\/pages\/2201\/revisions\/4158"}],"wp:attachment":[{"href":"https:\/\/data.ktu.edu\/EN\/wp-json\/wp\/v2\/media?parent=2201"}],"curies":[{"name":"wp","href":"https:\/\/api.w.org\/{rel}","templated":true}]}}